{"id":147,"date":"2021-07-01T12:45:00","date_gmt":"2021-07-01T10:45:00","guid":{"rendered":"https:\/\/www.pohjanpirtti.fi\/?page_id=147"},"modified":"2024-03-20T16:16:19","modified_gmt":"2024-03-20T14:16:19","slug":"kunnostushanke-2020-2022","status":"publish","type":"page","link":"http:\/\/www.pohjanpirtti.fi\/?page_id=147","title":{"rendered":"Kunnostushankkeet 2020-2024"},"content":{"rendered":"\n<p>Pohjanpirtti on vuonna 1937 valmistunut Karkkilan Seurojentalo, kulttuurihistoriallisesti arvokas rakennus, joka sijaitsee keskeisell\u00e4 paikalla Karkkilan keskustassa. Kiinteist\u00f6ll\u00e4 on korjausvelkaa ja kunnostust\u00f6it\u00e4 on l\u00e4hdetty toteuttamaan EU Leader rahoituksen tuella kes\u00e4ll\u00e4 2020.  Hanke on osa Euroopan maaseudun kehitt\u00e4misen maatalousrahaston Manner-Suomen maaseudun kehitt\u00e4misohjelmaa. <\/p>\n\n\n\n<p>Hankkeella parannetaan Pohjanpirtin k\u00e4ytett\u00e4vyytt\u00e4 paikallisten yleis\u00f6tapahtumien, juhlien ja muiden tilaisuuksien j\u00e4rjest\u00e4mispaikkana, parantamalla tilojen yleiskuntoa, turvallisuutta ja toimivuutta. N\u00e4in Pohjanpirtti seurojentalo s\u00e4ilyy toimivana, alueen asukkaiden k\u00e4yt\u00f6ss\u00e4 tulevinakin vuosikymmenin\u00e4. <\/p>\n\n\n\n<p>Hanke on Leader Ykk\u00f6sakseli ry:n paikallisen kehitt\u00e4misstrategian mukainen ja t\u00e4ytt\u00e4\u00e4 yleishy\u00f6dyllisille hankkeille asetetut pakolliset kriteerit. Hanke tukee strategian painopistett\u00e4 &#8221;Vahvistuva paikallisuus&#8221;. Hankkeen avulla kunnostetaan yhteist\u00e4 tilaa alueen yhdistysten, yhteis\u00f6jen ja yksityisten henkil\u00f6iden k\u00e4ytt\u00f6\u00f6n. ELY-keskus on tutkinut hankkeen lainmukaisuuden, eik\u00e4 estett\u00e4 hankkeen rahoittamiselle Leader-ryhm\u00e4 Ykk\u00f6sakseli ry:n esityksen mukaisesti ole olemassa.<\/p>\n\n\n\n<p>L\u00e4nsi-Uudenmaan museo on my\u00f6s antanut lausunnon investoinnin sis\u00e4ll\u00f6st\u00e4. Karkkilan Pohjanpirtin peruskorjaushanke valmistui joulukuussa 2022 ja uudistuneet tilat ovat kaikkien alueen asukkaiden k\u00e4ytett\u00e4viss\u00e4. <\/p>\n\n\n\n<p>Seuraava EU Leader rahoitus haettiin Pohjanpirtin keitti\u00f6n kunnostamiseen vuonna 2024. Rahoituksella korjattiin keitti\u00f6tilat ja uusittiin kiinte\u00e4t keitti\u00f6koneet ja osa kalusteista. <\/p>\n\n\n\n<div class=\"wp-block-columns is-layout-flex wp-container-core-columns-is-layout-9d6595d7 wp-block-columns-is-layout-flex\">\n<div class=\"wp-block-column is-layout-flow wp-block-column-is-layout-flow\">\n<figure class=\"wp-block-image size-large\"><img loading=\"lazy\" decoding=\"async\" width=\"1024\" height=\"160\" src=\"http:\/\/www.pohjanpirtti.fi\/wp-content\/uploads\/2021\/12\/EU-Lippu-ja-lause-suomi-1024x160.jpg\" alt=\"\" class=\"wp-image-148\" srcset=\"http:\/\/www.pohjanpirtti.fi\/wp-content\/uploads\/2021\/12\/EU-Lippu-ja-lause-suomi-1024x160.jpg 1024w, http:\/\/www.pohjanpirtti.fi\/wp-content\/uploads\/2021\/12\/EU-Lippu-ja-lause-suomi-300x47.jpg 300w, http:\/\/www.pohjanpirtti.fi\/wp-content\/uploads\/2021\/12\/EU-Lippu-ja-lause-suomi-768x120.jpg 768w, http:\/\/www.pohjanpirtti.fi\/wp-content\/uploads\/2021\/12\/EU-Lippu-ja-lause-suomi-383x60.jpg 383w, http:\/\/www.pohjanpirtti.fi\/wp-content\/uploads\/2021\/12\/EU-Lippu-ja-lause-suomi.jpg 1200w\" sizes=\"auto, (max-width: 1024px) 100vw, 1024px\" \/><\/figure>\n\n\n\n<figure class=\"wp-block-image size-full\"><img loading=\"lazy\" decoding=\"async\" width=\"600\" height=\"208\" src=\"http:\/\/www.pohjanpirtti.fi\/wp-content\/uploads\/2021\/12\/Leader-logo-rgb-Ykkosakseli-ISO.jpg\" alt=\"\" class=\"wp-image-149\" srcset=\"http:\/\/www.pohjanpirtti.fi\/wp-content\/uploads\/2021\/12\/Leader-logo-rgb-Ykkosakseli-ISO.jpg 600w, http:\/\/www.pohjanpirtti.fi\/wp-content\/uploads\/2021\/12\/Leader-logo-rgb-Ykkosakseli-ISO-300x104.jpg 300w, http:\/\/www.pohjanpirtti.fi\/wp-content\/uploads\/2021\/12\/Leader-logo-rgb-Ykkosakseli-ISO-173x60.jpg 173w\" sizes=\"auto, (max-width: 600px) 100vw, 600px\" \/><\/figure>\n<\/div>\n\n\n\n<div class=\"wp-block-column is-layout-flow wp-block-column-is-layout-flow\">\n<p style=\"font-size:15px\"><\/p>\n<\/div>\n<\/div>\n\n\n\n<div class=\"wp-block-columns is-layout-flex wp-container-core-columns-is-layout-9d6595d7 wp-block-columns-is-layout-flex\">\n<div class=\"wp-block-column is-layout-flow wp-block-column-is-layout-flow\">\n<p>Hankenumero: 25596<br>Hanke: Pohjanpirtti seurojentalon kunnostus 2020-2021<br>Ohjelma: Manner-Suomen maaseudun kehitt\u00e4misohjelma 2014 &#8211; 2020 (siirtym\u00e4kausi 2021 &#8211; 2022)<br>Ohjelman toimenpide: 7.4 Maaseudun palvelut<br>Ohjelman alatoimenpide: Maaseudun palvelut, investointi<br>Leader-ryhm\u00e4: Ykk\u00f6sakseli ry<br>Hankkeen toteutusalue: Paikallinen\/Alueellinen<\/p>\n<\/div>\n\n\n\n<div class=\"wp-block-column is-layout-flow wp-block-column-is-layout-flow\">\n<p>Hankenumero: 265729<br>Hanke: Pohjanpirtti seurantalon keitti\u00f6n kunnostus<br>Ohjelma: Maaseudun hanketukien haut EU-rahoituskaudelle 2023\u20132027<br>Ohjelman toimenpide: Yleishy\u00f6dylliset maaseudun toimintaymp\u00e4rist\u00f6n kehitt\u00e4misen investoinnit<br>Leader-ryhm\u00e4: Ykk\u00f6sakseli ry<br>Hankkeen toteutusalue: Paikallinen\/Alueellinen<\/p>\n<\/div>\n<\/div>\n\n\n\n<div style=\"height:38px\" aria-hidden=\"true\" class=\"wp-block-spacer\"><\/div>\n\n\n\n<figure class=\"wp-block-image size-large\"><img loading=\"lazy\" decoding=\"async\" width=\"1024\" height=\"330\" src=\"http:\/\/www.pohjanpirtti.fi\/wp-content\/uploads\/2021\/12\/LEADER-banner-varillinenilmantaustaa-1024x330.png\" alt=\"\" class=\"wp-image-154\" srcset=\"http:\/\/www.pohjanpirtti.fi\/wp-content\/uploads\/2021\/12\/LEADER-banner-varillinenilmantaustaa-1024x330.png 1024w, http:\/\/www.pohjanpirtti.fi\/wp-content\/uploads\/2021\/12\/LEADER-banner-varillinenilmantaustaa-300x97.png 300w, http:\/\/www.pohjanpirtti.fi\/wp-content\/uploads\/2021\/12\/LEADER-banner-varillinenilmantaustaa-768x247.png 768w, http:\/\/www.pohjanpirtti.fi\/wp-content\/uploads\/2021\/12\/LEADER-banner-varillinenilmantaustaa-1536x495.png 1536w, http:\/\/www.pohjanpirtti.fi\/wp-content\/uploads\/2021\/12\/LEADER-banner-varillinenilmantaustaa-186x60.png 186w, http:\/\/www.pohjanpirtti.fi\/wp-content\/uploads\/2021\/12\/LEADER-banner-varillinenilmantaustaa.png 1848w\" sizes=\"auto, (max-width: 1024px) 100vw, 1024px\" \/><\/figure>\n\n\n\n<p class=\"has-small-font-size\">ELINKEINO-, LIIKENNE JA YMP\u00c4RIST\u00d6KESKUKSEN P\u00c4\u00c4T\u00d6S <br>Tukea my\u00f6nnet\u00e4\u00e4n 25 600,00 euroa (Euroopan unionin osuus + valtion osuus).  My\u00f6nnett\u00e4v\u00e4 tuki ja muu julkinen rahoitus yhteens\u00e4 on 50 % hankkeen tukikelpoisista kustannuksista. Tuen m\u00e4\u00e4r\u00e4\u00e4 (EU+valtio) laskettaessa on huomioitu muu julkinen rahoitus. Tuki my\u00f6nnet\u00e4\u00e4n vuosien 2020-2022 talousarvion my\u00f6nt\u00e4misvaltuuskiinti\u00f6st\u00e4 momentilta 30.10.64 EU:n osallistuminen maaseudun kehitt\u00e4miseen ja valtion rahoitusosuus EU:n osaksi rahoittamasta maaseudun kehitt\u00e4misest\u00e4.<\/p>\n","protected":false},"excerpt":{"rendered":"<p>Pohjanpirtti on vuonna 1937 valmistunut Karkkilan Seurojentalo, kulttuurihistoriallisesti arvokas rakennus, joka sijaitsee keskeisell\u00e4 paikalla Karkkilan keskustassa. Kiinteist\u00f6ll\u00e4 on korjausvelkaa ja kunnostust\u00f6it\u00e4 on l\u00e4hdetty toteuttamaan EU Leader rahoituksen tuella kes\u00e4ll\u00e4 2020. Hanke on osa Euroopan maaseudun kehitt\u00e4misen maatalousrahaston Manner-Suomen maaseudun kehitt\u00e4misohjelmaa. Hankkeella parannetaan Pohjanpirtin k\u00e4ytett\u00e4vyytt\u00e4 paikallisten yleis\u00f6tapahtumien, juhlien ja muiden tilaisuuksien j\u00e4rjest\u00e4mispaikkana, parantamalla tilojen yleiskuntoa, turvallisuutta &hellip; <\/p>\n","protected":false},"author":1,"featured_media":0,"parent":0,"menu_order":0,"comment_status":"closed","ping_status":"closed","template":"","meta":{"footnotes":""},"class_list":["post-147","page","type-page","status-publish","hentry"],"_links":{"self":[{"href":"http:\/\/www.pohjanpirtti.fi\/index.php?rest_route=\/wp\/v2\/pages\/147","targetHints":{"allow":["GET"]}}],"collection":[{"href":"http:\/\/www.pohjanpirtti.fi\/index.php?rest_route=\/wp\/v2\/pages"}],"about":[{"href":"http:\/\/www.pohjanpirtti.fi\/index.php?rest_route=\/wp\/v2\/types\/page"}],"author":[{"embeddable":true,"href":"http:\/\/www.pohjanpirtti.fi\/index.php?rest_route=\/wp\/v2\/users\/1"}],"replies":[{"embeddable":true,"href":"http:\/\/www.pohjanpirtti.fi\/index.php?rest_route=%2Fwp%2Fv2%2Fcomments&post=147"}],"version-history":[{"count":14,"href":"http:\/\/www.pohjanpirtti.fi\/index.php?rest_route=\/wp\/v2\/pages\/147\/revisions"}],"predecessor-version":[{"id":211,"href":"http:\/\/www.pohjanpirtti.fi\/index.php?rest_route=\/wp\/v2\/pages\/147\/revisions\/211"}],"wp:attachment":[{"href":"http:\/\/www.pohjanpirtti.fi\/index.php?rest_route=%2Fwp%2Fv2%2Fmedia&parent=147"}],"curies":[{"name":"wp","href":"https:\/\/api.w.org\/{rel}","templated":true}]}}