{"id":20,"date":"2020-05-22T18:43:32","date_gmt":"2020-05-22T18:43:32","guid":{"rendered":"http:\/\/www.pohjanpirtti.fi\/?page_id=20"},"modified":"2023-02-22T13:41:36","modified_gmt":"2023-02-22T11:41:36","slug":"hinnasto","status":"publish","type":"page","link":"http:\/\/www.pohjanpirtti.fi\/?page_id=20","title":{"rendered":"Hinnasto"},"content":{"rendered":"\n<p>Pohjanpirtin tilavaraukset hoidetaan yhteisty\u00f6ss\u00e4 Karkkilan Seurakunnan kanssa. Laadukkaat juhla- ja kokoustilamme ovat kaikkien alueen asukkaiden vuokrattavissa ja varauksia voi tehd\u00e4 vuoden ymp\u00e4ri, mutta varaukset tulee tehd\u00e4 Karkkilan seurakunnan kirkkoherranviraston kautta. Kysy hinnat ja vapaat ajat t\u00e4\u00e4lt\u00e4: <strong><a href=\"https:\/\/www.karkkilanseurakunta.fi\/yhteystiedot\">https:\/\/www.karkkilanseurakunta.fi\/yhteystiedot<\/a><\/strong><\/p>\n\n\n\n<div style=\"height:100px\" aria-hidden=\"true\" class=\"wp-block-spacer\"><\/div>\n","protected":false},"excerpt":{"rendered":"<p>Pohjanpirtin tilavaraukset hoidetaan yhteisty\u00f6ss\u00e4 Karkkilan Seurakunnan kanssa. Laadukkaat juhla- ja kokoustilamme ovat kaikkien alueen asukkaiden vuokrattavissa ja varauksia voi tehd\u00e4 vuoden ymp\u00e4ri, mutta varaukset tulee tehd\u00e4 Karkkilan seurakunnan kirkkoherranviraston kautta. Kysy hinnat ja vapaat ajat t\u00e4\u00e4lt\u00e4: https:\/\/www.karkkilanseurakunta.fi\/yhteystiedot<\/p>\n","protected":false},"author":1,"featured_media":0,"parent":0,"menu_order":2,"comment_status":"closed","ping_status":"closed","template":"","meta":{"footnotes":""},"class_list":["post-20","page","type-page","status-publish","hentry"],"_links":{"self":[{"href":"http:\/\/www.pohjanpirtti.fi\/index.php?rest_route=\/wp\/v2\/pages\/20","targetHints":{"allow":["GET"]}}],"collection":[{"href":"http:\/\/www.pohjanpirtti.fi\/index.php?rest_route=\/wp\/v2\/pages"}],"about":[{"href":"http:\/\/www.pohjanpirtti.fi\/index.php?rest_route=\/wp\/v2\/types\/page"}],"author":[{"embeddable":true,"href":"http:\/\/www.pohjanpirtti.fi\/index.php?rest_route=\/wp\/v2\/users\/1"}],"replies":[{"embeddable":true,"href":"http:\/\/www.pohjanpirtti.fi\/index.php?rest_route=%2Fwp%2Fv2%2Fcomments&post=20"}],"version-history":[{"count":8,"href":"http:\/\/www.pohjanpirtti.fi\/index.php?rest_route=\/wp\/v2\/pages\/20\/revisions"}],"predecessor-version":[{"id":172,"href":"http:\/\/www.pohjanpirtti.fi\/index.php?rest_route=\/wp\/v2\/pages\/20\/revisions\/172"}],"wp:attachment":[{"href":"http:\/\/www.pohjanpirtti.fi\/index.php?rest_route=%2Fwp%2Fv2%2Fmedia&parent=20"}],"curies":[{"name":"wp","href":"https:\/\/api.w.org\/{rel}","templated":true}]}}