{"id":26,"date":"2020-05-22T18:44:10","date_gmt":"2020-05-22T18:44:10","guid":{"rendered":"http:\/\/www.pohjanpirtti.fi\/?page_id=26"},"modified":"2025-05-14T14:21:56","modified_gmt":"2025-05-14T12:21:56","slug":"varauskalenteri","status":"publish","type":"page","link":"http:\/\/www.pohjanpirtti.fi\/?page_id=26","title":{"rendered":"Tilavaraukset"},"content":{"rendered":"\n<p>Pohjanpirtin tilavaraukset hoidetaan yhteisty\u00f6ss\u00e4 Karkkilan Seurakunnan kanssa. Laadukkaat juhla- ja kokoustilamme ovat kaikkien alueen asukkaiden vuokrattavissa ja varauksia voi tehd\u00e4 vuoden ymp\u00e4ri, mutta varaukset tulee tehd\u00e4 Karkkilan seurakunnan kirkkoherranviraston kautta. <strong><a href=\"https:\/\/www.karkkilanseurakunta.fi\/yhteystiedot\">https:\/\/www.karkkilanseurakunta.fi\/yhteystiedot<\/a><\/strong><\/p>\n\n\n\n<h2 class=\"wp-block-heading\">Turvallisuus<\/h2>\n\n\n\n<p><a href=\"https:\/\/www.pohjanpirtti.fi\/wp-content\/uploads\/2025\/05\/Pohjanpirtti-pelastussuunnitelma-2025.pdf\" data-type=\"attachment\" data-id=\"225\" target=\"_blank\" rel=\"noreferrer noopener\">Tutustu t\u00e4st\u00e4 kiinteist\u00f6n pelastussuunnitelmaan ja turvallisuusohjeisiin<\/a><\/p>\n\n\n\n<p><\/p>\n","protected":false},"excerpt":{"rendered":"<p>Pohjanpirtin tilavaraukset hoidetaan yhteisty\u00f6ss\u00e4 Karkkilan Seurakunnan kanssa. Laadukkaat juhla- ja kokoustilamme ovat kaikkien alueen asukkaiden vuokrattavissa ja varauksia voi tehd\u00e4 vuoden ymp\u00e4ri, mutta varaukset tulee tehd\u00e4 Karkkilan seurakunnan kirkkoherranviraston kautta. https:\/\/www.karkkilanseurakunta.fi\/yhteystiedot Turvallisuus Tutustu t\u00e4st\u00e4 kiinteist\u00f6n pelastussuunnitelmaan ja turvallisuusohjeisiin<\/p>\n","protected":false},"author":1,"featured_media":0,"parent":0,"menu_order":3,"comment_status":"closed","ping_status":"closed","template":"","meta":{"footnotes":""},"class_list":["post-26","page","type-page","status-publish","hentry"],"_links":{"self":[{"href":"http:\/\/www.pohjanpirtti.fi\/index.php?rest_route=\/wp\/v2\/pages\/26","targetHints":{"allow":["GET"]}}],"collection":[{"href":"http:\/\/www.pohjanpirtti.fi\/index.php?rest_route=\/wp\/v2\/pages"}],"about":[{"href":"http:\/\/www.pohjanpirtti.fi\/index.php?rest_route=\/wp\/v2\/types\/page"}],"author":[{"embeddable":true,"href":"http:\/\/www.pohjanpirtti.fi\/index.php?rest_route=\/wp\/v2\/users\/1"}],"replies":[{"embeddable":true,"href":"http:\/\/www.pohjanpirtti.fi\/index.php?rest_route=%2Fwp%2Fv2%2Fcomments&post=26"}],"version-history":[{"count":23,"href":"http:\/\/www.pohjanpirtti.fi\/index.php?rest_route=\/wp\/v2\/pages\/26\/revisions"}],"predecessor-version":[{"id":236,"href":"http:\/\/www.pohjanpirtti.fi\/index.php?rest_route=\/wp\/v2\/pages\/26\/revisions\/236"}],"wp:attachment":[{"href":"http:\/\/www.pohjanpirtti.fi\/index.php?rest_route=%2Fwp%2Fv2%2Fmedia&parent=26"}],"curies":[{"name":"wp","href":"https:\/\/api.w.org\/{rel}","templated":true}]}}