{"id":29,"date":"2020-05-22T18:44:21","date_gmt":"2020-05-22T18:44:21","guid":{"rendered":"http:\/\/www.pohjanpirtti.fi\/?page_id=29"},"modified":"2025-05-14T14:29:38","modified_gmt":"2025-05-14T12:29:38","slug":"yhteystiedot","status":"publish","type":"page","link":"http:\/\/www.pohjanpirtti.fi\/?page_id=29","title":{"rendered":"Yhteystiedot"},"content":{"rendered":"\n<p class=\"has-medium-font-size\"><strong>Pohjanpirtti Oy<\/strong><br>Y-0127019-2<\/p>\n\n\n\n<p>Tammelantie 1<br>03600 KARKKILA<\/p>\n\n\n\n<h3 class=\"wp-block-heading\"><strong>Tilavaraukset:<\/strong><\/h3>\n\n\n\n<p>Yhteisty\u00f6ss\u00e4 Karkkilan seurakunta, kirkkoherranvirasto <br>https:\/\/www.karkkilanseurakunta.fi\/yhteystiedot<\/p>\n\n\n\n<h3 class=\"wp-block-heading\"><strong>Kiinteist\u00f6huolto:<\/strong><\/h3>\n\n\n\n<p>VRT Kiinteist\u00f6palvelut p\u00e4ivystys 050&nbsp;379 9801<\/p>\n\n\n\n<p><a href=\"http:\/\/www.pohjanpirtti.fi\/wp-content\/uploads\/2025\/05\/Pohjanpirtti-pelastussuunnitelma-2025.pdf\"><strong>Tutustu t\u00e4st\u00e4 kiinteist\u00f6n pelastussuunnitelmaan ja turvallisuusoheisiin<\/strong><\/a><\/p>\n\n\n\n<p class=\"has-medium-font-size\"><strong>Kiinteist\u00f6n omistajan yhteystiedot: <\/strong><\/p>\n\n\n\n<p>info@pohjanpirtti.fi<br>P. 050 597 2799<\/p>\n\n\n\n<hr class=\"wp-block-separator has-css-opacity\"\/>\n\n\n\n<figure class=\"wp-block-pullquote is-style-default has-border-color\" style=\"border-color:#7bdcb5\"><blockquote><p><a href=\"https:\/\/www.facebook.com\/pohjanpirtti\/\">Ajankohtaiset asiat ja tapahtumat Facebookissa<\/a><\/p><\/blockquote><\/figure>\n\n\n\n<div style=\"height:100px\" aria-hidden=\"true\" class=\"wp-block-spacer\"><\/div>\n\n\n\n<p><\/p>\n","protected":false},"excerpt":{"rendered":"<p>Pohjanpirtti OyY-0127019-2 Tammelantie 103600 KARKKILA Tilavaraukset: Yhteisty\u00f6ss\u00e4 Karkkilan seurakunta, kirkkoherranvirasto https:\/\/www.karkkilanseurakunta.fi\/yhteystiedot Kiinteist\u00f6huolto: VRT Kiinteist\u00f6palvelut p\u00e4ivystys 050&nbsp;379 9801 Tutustu t\u00e4st\u00e4 kiinteist\u00f6n pelastussuunnitelmaan ja turvallisuusoheisiin Kiinteist\u00f6n omistajan yhteystiedot: info@pohjanpirtti.fiP. 050 597 2799 Ajankohtaiset asiat ja tapahtumat Facebookissa<\/p>\n","protected":false},"author":1,"featured_media":0,"parent":0,"menu_order":4,"comment_status":"closed","ping_status":"closed","template":"","meta":{"footnotes":""},"class_list":["post-29","page","type-page","status-publish","hentry"],"_links":{"self":[{"href":"http:\/\/www.pohjanpirtti.fi\/index.php?rest_route=\/wp\/v2\/pages\/29","targetHints":{"allow":["GET"]}}],"collection":[{"href":"http:\/\/www.pohjanpirtti.fi\/index.php?rest_route=\/wp\/v2\/pages"}],"about":[{"href":"http:\/\/www.pohjanpirtti.fi\/index.php?rest_route=\/wp\/v2\/types\/page"}],"author":[{"embeddable":true,"href":"http:\/\/www.pohjanpirtti.fi\/index.php?rest_route=\/wp\/v2\/users\/1"}],"replies":[{"embeddable":true,"href":"http:\/\/www.pohjanpirtti.fi\/index.php?rest_route=%2Fwp%2Fv2%2Fcomments&post=29"}],"version-history":[{"count":14,"href":"http:\/\/www.pohjanpirtti.fi\/index.php?rest_route=\/wp\/v2\/pages\/29\/revisions"}],"predecessor-version":[{"id":238,"href":"http:\/\/www.pohjanpirtti.fi\/index.php?rest_route=\/wp\/v2\/pages\/29\/revisions\/238"}],"wp:attachment":[{"href":"http:\/\/www.pohjanpirtti.fi\/index.php?rest_route=%2Fwp%2Fv2%2Fmedia&parent=29"}],"curies":[{"name":"wp","href":"https:\/\/api.w.org\/{rel}","templated":true}]}}